{"id":1302,"date":"2019-03-31T08:38:56","date_gmt":"2019-03-31T06:38:56","guid":{"rendered":"https:\/\/gomar-transfers.com\/?page_id=1302"},"modified":"2019-03-31T08:47:01","modified_gmt":"2019-03-31T06:47:01","slug":"o-nama","status":"publish","type":"page","link":"https:\/\/gomar-transfers.com\/hr\/o-nama\/","title":{"rendered":"Tko smo mi?"},"content":{"rendered":"\n<p> Mi smo tvrtka sa dugogodi\u0161njim iskustvom u prijevozu putnika. Posjedujemo dobro opremljena kombi vozila sa besplatnim internetom i dvozonskom klimom. Vozite se s nama sigurno i bezbri\u017eno uz \u0161kolovane voza\u010de i licencirana vozila. <\/p>\n\n\n\n<p>Vr\u0161imo usluge prijevoza putnika, ugovorene prijevoze, Shuttle i transfere. <\/p>\n\n\n\n<p>Prilago\u0111avamo se potrebama Vas i va\u0161ih klijenata kako bi u \u0161to kra\u0107em roku na siguran na\u010din stigli do va\u0161ih destinacija. Nudimo vam transfere od\/do zra\u010dne luke, hotela, kongresnih dvorana, restorana. Obratite nam se s povjerenjem, jer mi smo tu zbog vas! <\/p>\n\n\n\n<p>\n\nUkoliko \u017eelite samo vozilo bez voza\u010da , u ponudi imamo i najam kombi vozila. Za sve va\u0161e upite, stojimo vam na raspolaganju od 0-24 h!&nbsp;\n\n<\/p>\n","protected":false},"excerpt":{"rendered":"<p>Mi smo tvrtka sa dugogodi\u0161njim iskustvom u prijevozu putnika. Posjedujemo dobro opremljena kombi vozila sa besplatnim internetom i dvozonskom klimom. Vozite se s nama sigurno i bezbri\u017eno uz \u0161kolovane voza\u010de i licencirana vozila. Vr\u0161imo usluge prijevoza putnika, ugovorene prijevoze, Shuttle i transfere. Prilago\u0111avamo se potrebama Vas i va\u0161ih klijenata kako bi u \u0161to kra\u0107em roku [&hellip;]<\/p>\n","protected":false},"author":4,"featured_media":0,"parent":0,"menu_order":0,"comment_status":"closed","ping_status":"closed","template":"","meta":{"_genesis_hide_title":false,"_genesis_hide_breadcrumbs":false,"_genesis_hide_singular_image":false,"_genesis_hide_footer_widgets":false,"_genesis_custom_body_class":"","_genesis_custom_post_class":"","_genesis_layout":"content-sidebar","ngg_post_thumbnail":0,"footnotes":""},"yoast_head":"<!-- This site is optimized with the Yoast SEO Premium plugin v20.12 (Yoast SEO v24.5) - https:\/\/yoast.com\/wordpress\/plugins\/seo\/ -->\n<title>Tko smo mi? - GO-mar transfers<\/title>\n<meta name=\"robots\" content=\"index, follow, max-snippet:-1, max-image-preview:large, max-video-preview:-1\" \/>\n<link rel=\"canonical\" href=\"https:\/\/gomar-transfers.com\/who-are-we\/\" \/>\n<meta property=\"og:locale\" content=\"hr_HR\" \/>\n<meta property=\"og:type\" content=\"article\" \/>\n<meta property=\"og:title\" content=\"Tko smo mi?\" \/>\n<meta property=\"og:description\" content=\"Mi smo tvrtka sa dugogodi\u0161njim iskustvom u prijevozu putnika. Posjedujemo dobro opremljena kombi vozila sa besplatnim internetom i dvozonskom klimom. Vozite se s nama sigurno i bezbri\u017eno uz \u0161kolovane voza\u010de i licencirana vozila. Vr\u0161imo usluge prijevoza putnika, ugovorene prijevoze, Shuttle i transfere. Prilago\u0111avamo se potrebama Vas i va\u0161ih klijenata kako bi u \u0161to kra\u0107em roku [&hellip;]\" \/>\n<meta property=\"og:url\" content=\"https:\/\/gomar-transfers.com\/who-are-we\/\" \/>\n<meta property=\"og:site_name\" content=\"GO-mar transfers\" \/>\n<meta property=\"article:publisher\" content=\"https:\/\/www.facebook.com\/1.TRANSFERS\/\" \/>\n<meta property=\"article:modified_time\" content=\"2019-03-31T06:47:01+00:00\" \/>\n<meta property=\"og:image\" content=\"https:\/\/gomar-transfers.com\/wp-content\/uploads\/2023\/06\/pozadina-ruka.jpg\" \/>\n\t<meta property=\"og:image:width\" content=\"2000\" \/>\n\t<meta property=\"og:image:height\" content=\"1292\" \/>\n\t<meta property=\"og:image:type\" content=\"image\/jpeg\" \/>\n<meta name=\"twitter:card\" content=\"summary_large_image\" \/>\n<meta name=\"twitter:label1\" content=\"Est. reading time\" \/>\n\t<meta name=\"twitter:data1\" content=\"1 minute\" \/>\n<script type=\"application\/ld+json\" class=\"yoast-schema-graph\">{\"@context\":\"https:\/\/schema.org\",\"@graph\":[{\"@type\":\"WebPage\",\"@id\":\"https:\/\/gomar-transfers.com\/who-are-we\/\",\"url\":\"https:\/\/gomar-transfers.com\/who-are-we\/\",\"name\":\"Tko smo mi? - GO-mar transfers\",\"isPartOf\":{\"@id\":\"https:\/\/gomar-transfers.com\/#website\"},\"datePublished\":\"2019-03-31T06:38:56+00:00\",\"dateModified\":\"2019-03-31T06:47:01+00:00\",\"breadcrumb\":{\"@id\":\"https:\/\/gomar-transfers.com\/who-are-we\/#breadcrumb\"},\"inLanguage\":\"hr-HR\",\"potentialAction\":[{\"@type\":\"ReadAction\",\"target\":[\"https:\/\/gomar-transfers.com\/who-are-we\/\"]}]},{\"@type\":\"BreadcrumbList\",\"@id\":\"https:\/\/gomar-transfers.com\/who-are-we\/#breadcrumb\",\"itemListElement\":[{\"@type\":\"ListItem\",\"position\":1,\"name\":\"Home\",\"item\":\"https:\/\/gomar-transfers.com\/\"},{\"@type\":\"ListItem\",\"position\":2,\"name\":\"Tko smo mi?\"}]},{\"@type\":\"WebSite\",\"@id\":\"https:\/\/gomar-transfers.com\/#website\",\"url\":\"https:\/\/gomar-transfers.com\/\",\"name\":\"GO-mar transfers\",\"description\":\"Prijevoz putnika - Ugovoreni prijevoz - Shuttle - Transferi - Hrvatska\",\"publisher\":{\"@id\":\"https:\/\/gomar-transfers.com\/#organization\"},\"alternateName\":\"Shuttle transport Croatia\",\"potentialAction\":[{\"@type\":\"SearchAction\",\"target\":{\"@type\":\"EntryPoint\",\"urlTemplate\":\"https:\/\/gomar-transfers.com\/?s={search_term_string}\"},\"query-input\":{\"@type\":\"PropertyValueSpecification\",\"valueRequired\":true,\"valueName\":\"search_term_string\"}}],\"inLanguage\":\"hr-HR\"},{\"@type\":\"Organization\",\"@id\":\"https:\/\/gomar-transfers.com\/#organization\",\"name\":\"GO-mar transfers\",\"alternateName\":\"GO-mar prijevozi\",\"url\":\"https:\/\/gomar-transfers.com\/\",\"logo\":{\"@type\":\"ImageObject\",\"inLanguage\":\"hr-HR\",\"@id\":\"https:\/\/gomar-transfers.com\/#\/schema\/logo\/image\/\",\"url\":\"https:\/\/gomar-transfers.com\/wp-content\/uploads\/2023\/07\/gomar-logo-c.png\",\"contentUrl\":\"https:\/\/gomar-transfers.com\/wp-content\/uploads\/2023\/07\/gomar-logo-c.png\",\"width\":1546,\"height\":419,\"caption\":\"GO-mar transfers\"},\"image\":{\"@id\":\"https:\/\/gomar-transfers.com\/#\/schema\/logo\/image\/\"},\"sameAs\":[\"https:\/\/www.facebook.com\/1.TRANSFERS\/\"]}]}<\/script>\n<!-- \/ Yoast SEO Premium plugin. -->","yoast_head_json":{"title":"Tko smo mi? - GO-mar transfers","robots":{"index":"index","follow":"follow","max-snippet":"max-snippet:-1","max-image-preview":"max-image-preview:large","max-video-preview":"max-video-preview:-1"},"canonical":"https:\/\/gomar-transfers.com\/who-are-we\/","og_locale":"hr_HR","og_type":"article","og_title":"Tko smo mi?","og_description":"Mi smo tvrtka sa dugogodi\u0161njim iskustvom u prijevozu putnika. Posjedujemo dobro opremljena kombi vozila sa besplatnim internetom i dvozonskom klimom. Vozite se s nama sigurno i bezbri\u017eno uz \u0161kolovane voza\u010de i licencirana vozila. Vr\u0161imo usluge prijevoza putnika, ugovorene prijevoze, Shuttle i transfere. Prilago\u0111avamo se potrebama Vas i va\u0161ih klijenata kako bi u \u0161to kra\u0107em roku [&hellip;]","og_url":"https:\/\/gomar-transfers.com\/who-are-we\/","og_site_name":"GO-mar transfers","article_publisher":"https:\/\/www.facebook.com\/1.TRANSFERS\/","article_modified_time":"2019-03-31T06:47:01+00:00","og_image":[{"width":2000,"height":1292,"url":"https:\/\/gomar-transfers.com\/wp-content\/uploads\/2023\/06\/pozadina-ruka.jpg","type":"image\/jpeg"}],"twitter_card":"summary_large_image","twitter_misc":{"Est. reading time":"1 minute"},"schema":{"@context":"https:\/\/schema.org","@graph":[{"@type":"WebPage","@id":"https:\/\/gomar-transfers.com\/who-are-we\/","url":"https:\/\/gomar-transfers.com\/who-are-we\/","name":"Tko smo mi? - GO-mar transfers","isPartOf":{"@id":"https:\/\/gomar-transfers.com\/#website"},"datePublished":"2019-03-31T06:38:56+00:00","dateModified":"2019-03-31T06:47:01+00:00","breadcrumb":{"@id":"https:\/\/gomar-transfers.com\/who-are-we\/#breadcrumb"},"inLanguage":"hr-HR","potentialAction":[{"@type":"ReadAction","target":["https:\/\/gomar-transfers.com\/who-are-we\/"]}]},{"@type":"BreadcrumbList","@id":"https:\/\/gomar-transfers.com\/who-are-we\/#breadcrumb","itemListElement":[{"@type":"ListItem","position":1,"name":"Home","item":"https:\/\/gomar-transfers.com\/"},{"@type":"ListItem","position":2,"name":"Tko smo mi?"}]},{"@type":"WebSite","@id":"https:\/\/gomar-transfers.com\/#website","url":"https:\/\/gomar-transfers.com\/","name":"GO-mar transfers","description":"Prijevoz putnika - Ugovoreni prijevoz - Shuttle - Transferi - Hrvatska","publisher":{"@id":"https:\/\/gomar-transfers.com\/#organization"},"alternateName":"Shuttle transport Croatia","potentialAction":[{"@type":"SearchAction","target":{"@type":"EntryPoint","urlTemplate":"https:\/\/gomar-transfers.com\/?s={search_term_string}"},"query-input":{"@type":"PropertyValueSpecification","valueRequired":true,"valueName":"search_term_string"}}],"inLanguage":"hr-HR"},{"@type":"Organization","@id":"https:\/\/gomar-transfers.com\/#organization","name":"GO-mar transfers","alternateName":"GO-mar prijevozi","url":"https:\/\/gomar-transfers.com\/","logo":{"@type":"ImageObject","inLanguage":"hr-HR","@id":"https:\/\/gomar-transfers.com\/#\/schema\/logo\/image\/","url":"https:\/\/gomar-transfers.com\/wp-content\/uploads\/2023\/07\/gomar-logo-c.png","contentUrl":"https:\/\/gomar-transfers.com\/wp-content\/uploads\/2023\/07\/gomar-logo-c.png","width":1546,"height":419,"caption":"GO-mar transfers"},"image":{"@id":"https:\/\/gomar-transfers.com\/#\/schema\/logo\/image\/"},"sameAs":["https:\/\/www.facebook.com\/1.TRANSFERS\/"]}]}},"_links":{"self":[{"href":"https:\/\/gomar-transfers.com\/hr\/wp-json\/wp\/v2\/pages\/1302"}],"collection":[{"href":"https:\/\/gomar-transfers.com\/hr\/wp-json\/wp\/v2\/pages"}],"about":[{"href":"https:\/\/gomar-transfers.com\/hr\/wp-json\/wp\/v2\/types\/page"}],"author":[{"embeddable":true,"href":"https:\/\/gomar-transfers.com\/hr\/wp-json\/wp\/v2\/users\/4"}],"replies":[{"embeddable":true,"href":"https:\/\/gomar-transfers.com\/hr\/wp-json\/wp\/v2\/comments?post=1302"}],"version-history":[{"count":2,"href":"https:\/\/gomar-transfers.com\/hr\/wp-json\/wp\/v2\/pages\/1302\/revisions"}],"predecessor-version":[{"id":1306,"href":"https:\/\/gomar-transfers.com\/hr\/wp-json\/wp\/v2\/pages\/1302\/revisions\/1306"}],"wp:attachment":[{"href":"https:\/\/gomar-transfers.com\/hr\/wp-json\/wp\/v2\/media?parent=1302"}],"curies":[{"name":"wp","href":"https:\/\/api.w.org\/{rel}","templated":true}]}}