{"id":1445,"date":"2019-04-17T01:21:27","date_gmt":"2019-04-16T23:21:27","guid":{"rendered":"https:\/\/gomar-transfers.com\/?page_id=1445"},"modified":"2019-04-17T01:21:29","modified_gmt":"2019-04-16T23:21:29","slug":"wer-sind-wir","status":"publish","type":"page","link":"https:\/\/gomar-transfers.com\/de\/wer-sind-wir\/","title":{"rendered":"Wer sind wir?"},"content":{"rendered":"\n<p>\n\nWir sind ein Unternehmen mit langj\u00e4hriger Erfahrung im Kundentransport. Wir besitzen gut ausger\u00fcstete Kombiwagen mit kostenlosem Internet und Zwei-Zonen Klimaanlage. Reisen sie sicher und sorgenlos mit uns und unseren geschulten Fahrer und lizenzierten Wagen.\n\n<\/p>\n\n\n\n<p>\n\nWir leisten Kundentransporte, verabredete Transporte, Shuttle und Transfers.\n\n<\/p>\n\n\n\n<p>\n\nWir passen sich Ihnen und Ihren Klienten an, damit sie schellm\u00f6glichst sicher Ihre Destinationen erreichen. Wir bieten Ihnen Transfer von\/zu Flugh\u00e4fen, Hotels, Kongresshallen, Restaurants usw. Wenden Sie sich mit Vertrauen an uns. Wir sind hier f\u00fcr Sie!\n\n<\/p>\n\n\n\n<p>Falls Sie nur einen Wagen ohne den Fahrer wollen, k\u00f6nnen Sie einen Kombiwagen mieten. F\u00fcr alle Fragen stehen wir Ihnen von 0:00 bis 24:00 Uhr zur Verf\u00fcgung! <\/p>\n","protected":false},"excerpt":{"rendered":"<p>Wir sind ein Unternehmen mit langj\u00e4hriger Erfahrung im Kundentransport. Wir besitzen gut ausger\u00fcstete Kombiwagen mit kostenlosem Internet und Zwei-Zonen Klimaanlage. Reisen sie sicher und sorgenlos mit uns und unseren geschulten Fahrer und lizenzierten Wagen. Wir leisten Kundentransporte, verabredete Transporte, Shuttle und Transfers. Wir passen sich Ihnen und Ihren Klienten an, damit sie schellm\u00f6glichst sicher Ihre [&hellip;]<\/p>\n","protected":false},"author":4,"featured_media":0,"parent":0,"menu_order":0,"comment_status":"closed","ping_status":"closed","template":"","meta":{"_genesis_hide_title":false,"_genesis_hide_breadcrumbs":false,"_genesis_hide_singular_image":false,"_genesis_hide_footer_widgets":false,"_genesis_custom_body_class":"","_genesis_custom_post_class":"","_genesis_layout":"content-sidebar","ngg_post_thumbnail":0,"footnotes":""},"yoast_head":"<!-- This site is optimized with the Yoast SEO Premium plugin v20.12 (Yoast SEO v24.5) - https:\/\/yoast.com\/wordpress\/plugins\/seo\/ -->\n<title>Wer sind wir? - GO-mar transfers<\/title>\n<meta name=\"robots\" content=\"index, follow, max-snippet:-1, max-image-preview:large, max-video-preview:-1\" \/>\n<link rel=\"canonical\" href=\"https:\/\/gomar-transfers.com\/who-are-we\/\" \/>\n<meta property=\"og:locale\" content=\"de_DE\" \/>\n<meta property=\"og:type\" content=\"article\" \/>\n<meta property=\"og:title\" content=\"Wer sind wir?\" \/>\n<meta property=\"og:description\" content=\"Wir sind ein Unternehmen mit langj\u00e4hriger Erfahrung im Kundentransport. Wir besitzen gut ausger\u00fcstete Kombiwagen mit kostenlosem Internet und Zwei-Zonen Klimaanlage. Reisen sie sicher und sorgenlos mit uns und unseren geschulten Fahrer und lizenzierten Wagen. Wir leisten Kundentransporte, verabredete Transporte, Shuttle und Transfers. Wir passen sich Ihnen und Ihren Klienten an, damit sie schellm\u00f6glichst sicher Ihre [&hellip;]\" \/>\n<meta property=\"og:url\" content=\"https:\/\/gomar-transfers.com\/who-are-we\/\" \/>\n<meta property=\"og:site_name\" content=\"GO-mar transfers\" \/>\n<meta property=\"article:publisher\" content=\"https:\/\/www.facebook.com\/1.TRANSFERS\/\" \/>\n<meta property=\"article:modified_time\" content=\"2019-04-16T23:21:29+00:00\" \/>\n<meta property=\"og:image\" content=\"https:\/\/gomar-transfers.com\/wp-content\/uploads\/2023\/06\/pozadina-ruka.jpg\" \/>\n\t<meta property=\"og:image:width\" content=\"2000\" \/>\n\t<meta property=\"og:image:height\" content=\"1292\" \/>\n\t<meta property=\"og:image:type\" content=\"image\/jpeg\" \/>\n<meta name=\"twitter:card\" content=\"summary_large_image\" \/>\n<meta name=\"twitter:label1\" content=\"Gesch\u00e4tzte Lesezeit\" \/>\n\t<meta name=\"twitter:data1\" content=\"1 Minute\" \/>\n<script type=\"application\/ld+json\" class=\"yoast-schema-graph\">{\"@context\":\"https:\/\/schema.org\",\"@graph\":[{\"@type\":\"WebPage\",\"@id\":\"https:\/\/gomar-transfers.com\/who-are-we\/\",\"url\":\"https:\/\/gomar-transfers.com\/who-are-we\/\",\"name\":\"Wer sind wir? - GO-mar transfers\",\"isPartOf\":{\"@id\":\"https:\/\/gomar-transfers.com\/#website\"},\"datePublished\":\"2019-04-16T23:21:27+00:00\",\"dateModified\":\"2019-04-16T23:21:29+00:00\",\"breadcrumb\":{\"@id\":\"https:\/\/gomar-transfers.com\/who-are-we\/#breadcrumb\"},\"inLanguage\":\"de-DE\",\"potentialAction\":[{\"@type\":\"ReadAction\",\"target\":[\"https:\/\/gomar-transfers.com\/who-are-we\/\"]}]},{\"@type\":\"BreadcrumbList\",\"@id\":\"https:\/\/gomar-transfers.com\/who-are-we\/#breadcrumb\",\"itemListElement\":[{\"@type\":\"ListItem\",\"position\":1,\"name\":\"Home\",\"item\":\"https:\/\/gomar-transfers.com\/\"},{\"@type\":\"ListItem\",\"position\":2,\"name\":\"Wer sind wir?\"}]},{\"@type\":\"WebSite\",\"@id\":\"https:\/\/gomar-transfers.com\/#website\",\"url\":\"https:\/\/gomar-transfers.com\/\",\"name\":\"GO-mar transfers\",\"description\":\"Kundentransport \u2013 Shuttle \u2013 Transfers \u2013 Kroatien\\r\\n\",\"publisher\":{\"@id\":\"https:\/\/gomar-transfers.com\/#organization\"},\"alternateName\":\"Shuttle transport Croatia\",\"potentialAction\":[{\"@type\":\"SearchAction\",\"target\":{\"@type\":\"EntryPoint\",\"urlTemplate\":\"https:\/\/gomar-transfers.com\/?s={search_term_string}\"},\"query-input\":{\"@type\":\"PropertyValueSpecification\",\"valueRequired\":true,\"valueName\":\"search_term_string\"}}],\"inLanguage\":\"de-DE\"},{\"@type\":\"Organization\",\"@id\":\"https:\/\/gomar-transfers.com\/#organization\",\"name\":\"GO-mar transfers\",\"alternateName\":\"GO-mar prijevozi\",\"url\":\"https:\/\/gomar-transfers.com\/\",\"logo\":{\"@type\":\"ImageObject\",\"inLanguage\":\"de-DE\",\"@id\":\"https:\/\/gomar-transfers.com\/#\/schema\/logo\/image\/\",\"url\":\"https:\/\/gomar-transfers.com\/wp-content\/uploads\/2023\/07\/gomar-logo-c.png\",\"contentUrl\":\"https:\/\/gomar-transfers.com\/wp-content\/uploads\/2023\/07\/gomar-logo-c.png\",\"width\":1546,\"height\":419,\"caption\":\"GO-mar transfers\"},\"image\":{\"@id\":\"https:\/\/gomar-transfers.com\/#\/schema\/logo\/image\/\"},\"sameAs\":[\"https:\/\/www.facebook.com\/1.TRANSFERS\/\"]}]}<\/script>\n<!-- \/ Yoast SEO Premium plugin. -->","yoast_head_json":{"title":"Wer sind wir? - GO-mar transfers","robots":{"index":"index","follow":"follow","max-snippet":"max-snippet:-1","max-image-preview":"max-image-preview:large","max-video-preview":"max-video-preview:-1"},"canonical":"https:\/\/gomar-transfers.com\/who-are-we\/","og_locale":"de_DE","og_type":"article","og_title":"Wer sind wir?","og_description":"Wir sind ein Unternehmen mit langj\u00e4hriger Erfahrung im Kundentransport. Wir besitzen gut ausger\u00fcstete Kombiwagen mit kostenlosem Internet und Zwei-Zonen Klimaanlage. Reisen sie sicher und sorgenlos mit uns und unseren geschulten Fahrer und lizenzierten Wagen. Wir leisten Kundentransporte, verabredete Transporte, Shuttle und Transfers. Wir passen sich Ihnen und Ihren Klienten an, damit sie schellm\u00f6glichst sicher Ihre [&hellip;]","og_url":"https:\/\/gomar-transfers.com\/who-are-we\/","og_site_name":"GO-mar transfers","article_publisher":"https:\/\/www.facebook.com\/1.TRANSFERS\/","article_modified_time":"2019-04-16T23:21:29+00:00","og_image":[{"width":2000,"height":1292,"url":"https:\/\/gomar-transfers.com\/wp-content\/uploads\/2023\/06\/pozadina-ruka.jpg","type":"image\/jpeg"}],"twitter_card":"summary_large_image","twitter_misc":{"Gesch\u00e4tzte Lesezeit":"1 Minute"},"schema":{"@context":"https:\/\/schema.org","@graph":[{"@type":"WebPage","@id":"https:\/\/gomar-transfers.com\/who-are-we\/","url":"https:\/\/gomar-transfers.com\/who-are-we\/","name":"Wer sind wir? - GO-mar transfers","isPartOf":{"@id":"https:\/\/gomar-transfers.com\/#website"},"datePublished":"2019-04-16T23:21:27+00:00","dateModified":"2019-04-16T23:21:29+00:00","breadcrumb":{"@id":"https:\/\/gomar-transfers.com\/who-are-we\/#breadcrumb"},"inLanguage":"de-DE","potentialAction":[{"@type":"ReadAction","target":["https:\/\/gomar-transfers.com\/who-are-we\/"]}]},{"@type":"BreadcrumbList","@id":"https:\/\/gomar-transfers.com\/who-are-we\/#breadcrumb","itemListElement":[{"@type":"ListItem","position":1,"name":"Home","item":"https:\/\/gomar-transfers.com\/"},{"@type":"ListItem","position":2,"name":"Wer sind wir?"}]},{"@type":"WebSite","@id":"https:\/\/gomar-transfers.com\/#website","url":"https:\/\/gomar-transfers.com\/","name":"GO-mar transfers","description":"Kundentransport \u2013 Shuttle \u2013 Transfers \u2013 Kroatien\r\n","publisher":{"@id":"https:\/\/gomar-transfers.com\/#organization"},"alternateName":"Shuttle transport Croatia","potentialAction":[{"@type":"SearchAction","target":{"@type":"EntryPoint","urlTemplate":"https:\/\/gomar-transfers.com\/?s={search_term_string}"},"query-input":{"@type":"PropertyValueSpecification","valueRequired":true,"valueName":"search_term_string"}}],"inLanguage":"de-DE"},{"@type":"Organization","@id":"https:\/\/gomar-transfers.com\/#organization","name":"GO-mar transfers","alternateName":"GO-mar prijevozi","url":"https:\/\/gomar-transfers.com\/","logo":{"@type":"ImageObject","inLanguage":"de-DE","@id":"https:\/\/gomar-transfers.com\/#\/schema\/logo\/image\/","url":"https:\/\/gomar-transfers.com\/wp-content\/uploads\/2023\/07\/gomar-logo-c.png","contentUrl":"https:\/\/gomar-transfers.com\/wp-content\/uploads\/2023\/07\/gomar-logo-c.png","width":1546,"height":419,"caption":"GO-mar transfers"},"image":{"@id":"https:\/\/gomar-transfers.com\/#\/schema\/logo\/image\/"},"sameAs":["https:\/\/www.facebook.com\/1.TRANSFERS\/"]}]}},"_links":{"self":[{"href":"https:\/\/gomar-transfers.com\/de\/wp-json\/wp\/v2\/pages\/1445"}],"collection":[{"href":"https:\/\/gomar-transfers.com\/de\/wp-json\/wp\/v2\/pages"}],"about":[{"href":"https:\/\/gomar-transfers.com\/de\/wp-json\/wp\/v2\/types\/page"}],"author":[{"embeddable":true,"href":"https:\/\/gomar-transfers.com\/de\/wp-json\/wp\/v2\/users\/4"}],"replies":[{"embeddable":true,"href":"https:\/\/gomar-transfers.com\/de\/wp-json\/wp\/v2\/comments?post=1445"}],"version-history":[{"count":1,"href":"https:\/\/gomar-transfers.com\/de\/wp-json\/wp\/v2\/pages\/1445\/revisions"}],"predecessor-version":[{"id":1446,"href":"https:\/\/gomar-transfers.com\/de\/wp-json\/wp\/v2\/pages\/1445\/revisions\/1446"}],"wp:attachment":[{"href":"https:\/\/gomar-transfers.com\/de\/wp-json\/wp\/v2\/media?parent=1445"}],"curies":[{"name":"wp","href":"https:\/\/api.w.org\/{rel}","templated":true}]}}